{"id":643,"date":"2025-04-12T21:50:31","date_gmt":"2025-04-12T19:50:31","guid":{"rendered":"https:\/\/villabrela.com\/naslovna\/"},"modified":"2025-06-25T16:56:28","modified_gmt":"2025-06-25T14:56:28","slug":"naslovna","status":"publish","type":"page","link":"https:\/\/villabrela.com\/hr\/","title":{"rendered":"Naslovna"},"content":{"rendered":"\t\t<div data-elementor-type=\"wp-page\" data-elementor-id=\"643\" class=\"elementor elementor-643 elementor-13\" data-elementor-post-type=\"page\">\n\t\t\t\t<div class=\"elementor-element elementor-element-59fbaa9 e-con-full e-flex e-con e-parent\" data-id=\"59fbaa9\" data-element_type=\"container\">\n\t\t<div class=\"elementor-element elementor-element-5a5bcbc e-flex e-con-boxed e-con e-child\" data-id=\"5a5bcbc\" data-element_type=\"container\" data-settings=\"{&quot;background_background&quot;:&quot;classic&quot;}\">\n\t\t\t\t\t<div class=\"e-con-inner\">\n\t\t\t\t<div class=\"elementor-element elementor-element-14e5c37 animated-fast intro-main-title elementor-invisible elementor-widget elementor-widget-heading\" data-id=\"14e5c37\" data-element_type=\"widget\" data-settings=\"{&quot;_animation&quot;:&quot;fadeInUp&quot;}\" data-widget_type=\"heading.default\">\n\t\t\t\t<div class=\"elementor-widget-container\">\n\t\t\t\t\t<h1 class=\"elementor-heading-title elementor-size-default\"><a href=\"https:\/\/villabrela.com\/hr\/vila-vinka\/\">vila <span>VINKA<\/span><\/a><\/h1>\t\t\t\t<\/div>\n\t\t\t\t<\/div>\n\t\t<div class=\"elementor-element elementor-element-f633e86 e-con-full e-flex e-con e-child\" data-id=\"f633e86\" data-element_type=\"container\">\n\t\t\t\t<div class=\"elementor-element elementor-element-1c82099 elementor-widget elementor-widget-spacer\" data-id=\"1c82099\" data-element_type=\"widget\" data-widget_type=\"spacer.default\">\n\t\t\t\t<div class=\"elementor-widget-container\">\n\t\t\t\t\t\t\t<div class=\"elementor-spacer\">\n\t\t\t<div class=\"elementor-spacer-inner\"><\/div>\n\t\t<\/div>\n\t\t\t\t\t\t<\/div>\n\t\t\t\t<\/div>\n\t\t\t\t<div class=\"elementor-element elementor-element-4641d65 animated-fast elementor-invisible elementor-widget elementor-widget-text-editor\" data-id=\"4641d65\" data-element_type=\"widget\" data-settings=\"{&quot;_animation&quot;:&quot;fadeInUp&quot;,&quot;_animation_delay&quot;:600}\" data-widget_type=\"text-editor.default\">\n\t\t\t\t<div class=\"elementor-widget-container\">\n\t\t\t\t\t\t\t\t\t<p>6 apartmana uz more<\/p><p>Mirno uto\u010di\u0161te uz zvuk valova, miris borova i mediteranski \u0161arm.<\/p>\t\t\t\t\t\t\t\t<\/div>\n\t\t\t\t<\/div>\n\t\t\t\t<div class=\"elementor-element elementor-element-8f6e371 elementor-hidden-mobile elementor-widget elementor-widget-spacer\" data-id=\"8f6e371\" data-element_type=\"widget\" data-widget_type=\"spacer.default\">\n\t\t\t\t<div class=\"elementor-widget-container\">\n\t\t\t\t\t\t\t<div class=\"elementor-spacer\">\n\t\t\t<div class=\"elementor-spacer-inner\"><\/div>\n\t\t<\/div>\n\t\t\t\t\t\t<\/div>\n\t\t\t\t<\/div>\n\t\t\t\t<div class=\"elementor-element elementor-element-12cc3cb animated-fast elementor-invisible elementor-widget elementor-widget-image\" data-id=\"12cc3cb\" data-element_type=\"widget\" data-settings=\"{&quot;_animation&quot;:&quot;fadeInUp&quot;,&quot;_animation_delay&quot;:900}\" data-widget_type=\"image.default\">\n\t\t\t\t<div class=\"elementor-widget-container\">\n\t\t\t\t\t\t\t\t\t\t\t\t\t\t\t\t<a href=\"https:\/\/villabrela.com\/villa-vinka\/\">\n\t\t\t\t\t\t\t<img decoding=\"async\" width=\"171\" height=\"16\" src=\"https:\/\/villabrela.com\/wp-content\/uploads\/2025\/04\/long-arrow-left.svg\" class=\"attachment-large size-large wp-image-596\" alt=\"\" \/>\t\t\t\t\t\t\t\t<\/a>\n\t\t\t\t\t\t\t\t\t\t\t\t\t\t\t<\/div>\n\t\t\t\t<\/div>\n\t\t\t\t<\/div>\n\t\t\t\t\t<\/div>\n\t\t\t\t<\/div>\n\t\t<div class=\"elementor-element elementor-element-0eced0d e-flex e-con-boxed e-con e-child\" data-id=\"0eced0d\" data-element_type=\"container\" data-settings=\"{&quot;background_background&quot;:&quot;classic&quot;}\">\n\t\t\t\t\t<div class=\"e-con-inner\">\n\t\t\t\t<div class=\"elementor-element elementor-element-e293efb animated-fast intro-main-title elementor-invisible elementor-widget elementor-widget-heading\" data-id=\"e293efb\" data-element_type=\"widget\" data-settings=\"{&quot;_animation&quot;:&quot;fadeInUp&quot;}\" data-widget_type=\"heading.default\">\n\t\t\t\t<div class=\"elementor-widget-container\">\n\t\t\t\t\t<h1 class=\"elementor-heading-title elementor-size-default\"><a href=\"https:\/\/villabrela.com\/hr\/vila-ivka\/\">vila <span>IVKA<\/span><\/a><\/h1>\t\t\t\t<\/div>\n\t\t\t\t<\/div>\n\t\t<div class=\"elementor-element elementor-element-111335f e-con-full e-flex e-con e-child\" data-id=\"111335f\" data-element_type=\"container\">\n\t\t\t\t<div class=\"elementor-element elementor-element-2865cb7 elementor-widget elementor-widget-spacer\" data-id=\"2865cb7\" data-element_type=\"widget\" data-widget_type=\"spacer.default\">\n\t\t\t\t<div class=\"elementor-widget-container\">\n\t\t\t\t\t\t\t<div class=\"elementor-spacer\">\n\t\t\t<div class=\"elementor-spacer-inner\"><\/div>\n\t\t<\/div>\n\t\t\t\t\t\t<\/div>\n\t\t\t\t<\/div>\n\t\t\t\t<div class=\"elementor-element elementor-element-deafcdc animated-fast elementor-invisible elementor-widget elementor-widget-text-editor\" data-id=\"deafcdc\" data-element_type=\"widget\" data-settings=\"{&quot;_animation&quot;:&quot;fadeInUp&quot;,&quot;_animation_delay&quot;:600}\" data-widget_type=\"text-editor.default\">\n\t\t\t\t<div class=\"elementor-widget-container\">\n\t\t\t\t\t\t\t\t\t<p>6 apartmana 300m od mora<\/p><p>Apartmani uz obalu s otvorenim prostorom, svje\u017eim zrakom i pogledom koji se\u017ee do otoka.<\/p>\t\t\t\t\t\t\t\t<\/div>\n\t\t\t\t<\/div>\n\t\t\t\t<div class=\"elementor-element elementor-element-52cd474 elementor-hidden-mobile elementor-widget elementor-widget-spacer\" data-id=\"52cd474\" data-element_type=\"widget\" data-widget_type=\"spacer.default\">\n\t\t\t\t<div class=\"elementor-widget-container\">\n\t\t\t\t\t\t\t<div class=\"elementor-spacer\">\n\t\t\t<div class=\"elementor-spacer-inner\"><\/div>\n\t\t<\/div>\n\t\t\t\t\t\t<\/div>\n\t\t\t\t<\/div>\n\t\t\t\t<div class=\"elementor-element elementor-element-4b93d98 animated-fast elementor-invisible elementor-widget elementor-widget-image\" data-id=\"4b93d98\" data-element_type=\"widget\" data-settings=\"{&quot;_animation&quot;:&quot;fadeInUp&quot;,&quot;_animation_delay&quot;:900}\" data-widget_type=\"image.default\">\n\t\t\t\t<div class=\"elementor-widget-container\">\n\t\t\t\t\t\t\t\t\t\t\t\t\t\t\t\t<a href=\"https:\/\/villabrela.com\/villa-ivka\/\">\n\t\t\t\t\t\t\t<img decoding=\"async\" width=\"171\" height=\"16\" src=\"https:\/\/villabrela.com\/wp-content\/uploads\/2025\/04\/long-arrow-right.svg\" class=\"attachment-large size-large wp-image-597\" alt=\"\" \/>\t\t\t\t\t\t\t\t<\/a>\n\t\t\t\t\t\t\t\t\t\t\t\t\t\t\t<\/div>\n\t\t\t\t<\/div>\n\t\t\t\t<\/div>\n\t\t\t\t\t<\/div>\n\t\t\t\t<\/div>\n\t\t\t\t<\/div>\n\t\t\t\t<\/div>\n\t\t","protected":false},"excerpt":{"rendered":"<p>vila VINKA 6 apartmana uz more Mirno uto\u010di\u0161te uz zvuk valova, miris borova i mediteranski \u0161arm. vila IVKA 6 apartmana 300m od mora Apartmani uz obalu s otvorenim prostorom, svje\u017eim zrakom i pogledom koji se\u017ee do otoka.<\/p>\n","protected":false},"author":1,"featured_media":0,"parent":0,"menu_order":0,"comment_status":"closed","ping_status":"closed","template":"","meta":{"_acf_changed":false,"footnotes":""},"class_list":["post-643","page","type-page","status-publish","hentry"],"acf":[],"yoast_head":"<!-- This site is optimized with the Yoast SEO plugin v25.3.1 - https:\/\/yoast.com\/wordpress\/plugins\/seo\/ -->\n<title>Ville Brela<\/title>\n<meta name=\"description\" content=\"Dvije vile u Brelima, Hrvatska \u2014 savr\u0161ene za opu\u0161taju\u0107i ili aktivni odmor na Makarskoj rivijeri. Do\u017eivite nezaboravan odmor na moru.\" \/>\n<meta name=\"robots\" content=\"index, follow, max-snippet:-1, max-image-preview:large, max-video-preview:-1\" \/>\n<link rel=\"canonical\" href=\"https:\/\/villabrela.com\/hr\/\" \/>\n<meta property=\"og:locale\" content=\"hr_HR\" \/>\n<meta property=\"og:type\" content=\"article\" \/>\n<meta property=\"og:title\" content=\"Ville Brela\" \/>\n<meta property=\"og:description\" content=\"Dvije vile u Brelima, Hrvatska \u2014 savr\u0161ene za opu\u0161taju\u0107i ili aktivni odmor na Makarskoj rivijeri. Do\u017eivite nezaboravan odmor na moru.\" \/>\n<meta property=\"og:url\" content=\"https:\/\/villabrela.com\/hr\/\" \/>\n<meta property=\"og:site_name\" content=\"Ville Brela\" \/>\n<meta property=\"article:modified_time\" content=\"2025-06-25T14:56:28+00:00\" \/>\n<meta property=\"og:image\" content=\"https:\/\/villabrela.com\/wp-content\/uploads\/2025\/05\/ville-brela-social.jpg\" \/>\n\t<meta property=\"og:image:width\" content=\"1200\" \/>\n\t<meta property=\"og:image:height\" content=\"675\" \/>\n\t<meta property=\"og:image:type\" content=\"image\/jpeg\" \/>\n<meta name=\"twitter:card\" content=\"summary_large_image\" \/>\n<script type=\"application\/ld+json\" class=\"yoast-schema-graph\">{\"@context\":\"https:\/\/schema.org\",\"@graph\":[{\"@type\":\"WebPage\",\"@id\":\"https:\/\/villabrela.com\/hr\/\",\"url\":\"https:\/\/villabrela.com\/hr\/\",\"name\":\"Ville Brela\",\"isPartOf\":{\"@id\":\"https:\/\/villabrela.com\/hr\/#website\"},\"primaryImageOfPage\":{\"@id\":\"https:\/\/villabrela.com\/hr\/#primaryimage\"},\"image\":{\"@id\":\"https:\/\/villabrela.com\/hr\/#primaryimage\"},\"thumbnailUrl\":\"https:\/\/villabrela.com\/wp-content\/uploads\/2025\/04\/long-arrow-left.svg\",\"datePublished\":\"2025-04-12T19:50:31+00:00\",\"dateModified\":\"2025-06-25T14:56:28+00:00\",\"description\":\"Dvije vile u Brelima, Hrvatska \u2014 savr\u0161ene za opu\u0161taju\u0107i ili aktivni odmor na Makarskoj rivijeri. Do\u017eivite nezaboravan odmor na moru.\",\"breadcrumb\":{\"@id\":\"https:\/\/villabrela.com\/hr\/#breadcrumb\"},\"inLanguage\":\"hr\",\"potentialAction\":[{\"@type\":\"ReadAction\",\"target\":[\"https:\/\/villabrela.com\/hr\/\"]}]},{\"@type\":\"ImageObject\",\"inLanguage\":\"hr\",\"@id\":\"https:\/\/villabrela.com\/hr\/#primaryimage\",\"url\":\"https:\/\/villabrela.com\/wp-content\/uploads\/2025\/04\/long-arrow-left.svg\",\"contentUrl\":\"https:\/\/villabrela.com\/wp-content\/uploads\/2025\/04\/long-arrow-left.svg\"},{\"@type\":\"BreadcrumbList\",\"@id\":\"https:\/\/villabrela.com\/hr\/#breadcrumb\",\"itemListElement\":[{\"@type\":\"ListItem\",\"position\":1,\"name\":\"Home\",\"item\":\"https:\/\/villabrela.com\/hr\/naslovna\/\"},{\"@type\":\"ListItem\",\"position\":2,\"name\":\"Naslovna\"}]},{\"@type\":\"WebSite\",\"@id\":\"https:\/\/villabrela.com\/hr\/#website\",\"url\":\"https:\/\/villabrela.com\/hr\/\",\"name\":\"Ville Brela\",\"description\":\"Unforgettable stay in Croatia\",\"publisher\":{\"@id\":\"https:\/\/villabrela.com\/hr\/#organization\"},\"potentialAction\":[{\"@type\":\"SearchAction\",\"target\":{\"@type\":\"EntryPoint\",\"urlTemplate\":\"https:\/\/villabrela.com\/hr\/?s={search_term_string}\"},\"query-input\":{\"@type\":\"PropertyValueSpecification\",\"valueRequired\":true,\"valueName\":\"search_term_string\"}}],\"inLanguage\":\"hr\"},{\"@type\":\"Organization\",\"@id\":\"https:\/\/villabrela.com\/hr\/#organization\",\"name\":\"Ville Brela\",\"url\":\"https:\/\/villabrela.com\/hr\/\",\"logo\":{\"@type\":\"ImageObject\",\"inLanguage\":\"hr\",\"@id\":\"https:\/\/villabrela.com\/hr\/#\/schema\/logo\/image\/\",\"url\":\"https:\/\/villabrela.com\/wp-content\/uploads\/2025\/04\/logo-VILLE-BRELA.svg\",\"contentUrl\":\"https:\/\/villabrela.com\/wp-content\/uploads\/2025\/04\/logo-VILLE-BRELA.svg\",\"width\":312,\"height\":23,\"caption\":\"Ville Brela\"},\"image\":{\"@id\":\"https:\/\/villabrela.com\/hr\/#\/schema\/logo\/image\/\"}}]}<\/script>\n<!-- \/ Yoast SEO plugin. -->","yoast_head_json":{"title":"Ville Brela","description":"Dvije vile u Brelima, Hrvatska \u2014 savr\u0161ene za opu\u0161taju\u0107i ili aktivni odmor na Makarskoj rivijeri. Do\u017eivite nezaboravan odmor na moru.","robots":{"index":"index","follow":"follow","max-snippet":"max-snippet:-1","max-image-preview":"max-image-preview:large","max-video-preview":"max-video-preview:-1"},"canonical":"https:\/\/villabrela.com\/hr\/","og_locale":"hr_HR","og_type":"article","og_title":"Ville Brela","og_description":"Dvije vile u Brelima, Hrvatska \u2014 savr\u0161ene za opu\u0161taju\u0107i ili aktivni odmor na Makarskoj rivijeri. Do\u017eivite nezaboravan odmor na moru.","og_url":"https:\/\/villabrela.com\/hr\/","og_site_name":"Ville Brela","article_modified_time":"2025-06-25T14:56:28+00:00","og_image":[{"width":1200,"height":675,"url":"https:\/\/villabrela.com\/wp-content\/uploads\/2025\/05\/ville-brela-social.jpg","type":"image\/jpeg"}],"twitter_card":"summary_large_image","schema":{"@context":"https:\/\/schema.org","@graph":[{"@type":"WebPage","@id":"https:\/\/villabrela.com\/hr\/","url":"https:\/\/villabrela.com\/hr\/","name":"Ville Brela","isPartOf":{"@id":"https:\/\/villabrela.com\/hr\/#website"},"primaryImageOfPage":{"@id":"https:\/\/villabrela.com\/hr\/#primaryimage"},"image":{"@id":"https:\/\/villabrela.com\/hr\/#primaryimage"},"thumbnailUrl":"https:\/\/villabrela.com\/wp-content\/uploads\/2025\/04\/long-arrow-left.svg","datePublished":"2025-04-12T19:50:31+00:00","dateModified":"2025-06-25T14:56:28+00:00","description":"Dvije vile u Brelima, Hrvatska \u2014 savr\u0161ene za opu\u0161taju\u0107i ili aktivni odmor na Makarskoj rivijeri. Do\u017eivite nezaboravan odmor na moru.","breadcrumb":{"@id":"https:\/\/villabrela.com\/hr\/#breadcrumb"},"inLanguage":"hr","potentialAction":[{"@type":"ReadAction","target":["https:\/\/villabrela.com\/hr\/"]}]},{"@type":"ImageObject","inLanguage":"hr","@id":"https:\/\/villabrela.com\/hr\/#primaryimage","url":"https:\/\/villabrela.com\/wp-content\/uploads\/2025\/04\/long-arrow-left.svg","contentUrl":"https:\/\/villabrela.com\/wp-content\/uploads\/2025\/04\/long-arrow-left.svg"},{"@type":"BreadcrumbList","@id":"https:\/\/villabrela.com\/hr\/#breadcrumb","itemListElement":[{"@type":"ListItem","position":1,"name":"Home","item":"https:\/\/villabrela.com\/hr\/naslovna\/"},{"@type":"ListItem","position":2,"name":"Naslovna"}]},{"@type":"WebSite","@id":"https:\/\/villabrela.com\/hr\/#website","url":"https:\/\/villabrela.com\/hr\/","name":"Ville Brela","description":"Unforgettable stay in Croatia","publisher":{"@id":"https:\/\/villabrela.com\/hr\/#organization"},"potentialAction":[{"@type":"SearchAction","target":{"@type":"EntryPoint","urlTemplate":"https:\/\/villabrela.com\/hr\/?s={search_term_string}"},"query-input":{"@type":"PropertyValueSpecification","valueRequired":true,"valueName":"search_term_string"}}],"inLanguage":"hr"},{"@type":"Organization","@id":"https:\/\/villabrela.com\/hr\/#organization","name":"Ville Brela","url":"https:\/\/villabrela.com\/hr\/","logo":{"@type":"ImageObject","inLanguage":"hr","@id":"https:\/\/villabrela.com\/hr\/#\/schema\/logo\/image\/","url":"https:\/\/villabrela.com\/wp-content\/uploads\/2025\/04\/logo-VILLE-BRELA.svg","contentUrl":"https:\/\/villabrela.com\/wp-content\/uploads\/2025\/04\/logo-VILLE-BRELA.svg","width":312,"height":23,"caption":"Ville Brela"},"image":{"@id":"https:\/\/villabrela.com\/hr\/#\/schema\/logo\/image\/"}}]}},"_links":{"self":[{"href":"https:\/\/villabrela.com\/hr\/wp-json\/wp\/v2\/pages\/643","targetHints":{"allow":["GET"]}}],"collection":[{"href":"https:\/\/villabrela.com\/hr\/wp-json\/wp\/v2\/pages"}],"about":[{"href":"https:\/\/villabrela.com\/hr\/wp-json\/wp\/v2\/types\/page"}],"author":[{"embeddable":true,"href":"https:\/\/villabrela.com\/hr\/wp-json\/wp\/v2\/users\/1"}],"replies":[{"embeddable":true,"href":"https:\/\/villabrela.com\/hr\/wp-json\/wp\/v2\/comments?post=643"}],"version-history":[{"count":5,"href":"https:\/\/villabrela.com\/hr\/wp-json\/wp\/v2\/pages\/643\/revisions"}],"predecessor-version":[{"id":1185,"href":"https:\/\/villabrela.com\/hr\/wp-json\/wp\/v2\/pages\/643\/revisions\/1185"}],"wp:attachment":[{"href":"https:\/\/villabrela.com\/hr\/wp-json\/wp\/v2\/media?parent=643"}],"curies":[{"name":"wp","href":"https:\/\/api.w.org\/{rel}","templated":true}]}}