{"id":1648,"date":"2025-05-27T17:09:46","date_gmt":"2025-05-27T15:09:46","guid":{"rendered":"https:\/\/villabrela.com\/izjava-o-privatnosti-eu\/"},"modified":"2025-05-27T20:22:53","modified_gmt":"2025-05-27T18:22:53","slug":"izjava-o-privatnosti-eu","status":"publish","type":"page","link":"https:\/\/villabrela.com\/hr\/izjava-o-privatnosti-eu\/","title":{"rendered":"Izjava o privatnosti (EU)"},"content":{"rendered":"\t\t<div data-elementor-type=\"wp-page\" data-elementor-id=\"1648\" class=\"elementor elementor-1648 elementor-1505\" data-elementor-post-type=\"page\">\n\t\t\t\t<div class=\"elementor-element elementor-element-319e734 e-flex e-con-boxed e-con e-child\" data-id=\"319e734\" data-element_type=\"container\" data-settings=\"{&quot;background_background&quot;:&quot;classic&quot;}\">\n\t\t\t\t\t<div class=\"e-con-inner\">\n\t\t\t\t<div class=\"elementor-element elementor-element-9b187a7 animated-fast elementor-invisible elementor-widget elementor-widget-heading\" data-id=\"9b187a7\" data-element_type=\"widget\" data-settings=\"{&quot;_animation&quot;:&quot;fadeInUp&quot;}\" data-widget_type=\"heading.default\">\n\t\t\t\t<div class=\"elementor-widget-container\">\n\t\t\t\t\t<h1 class=\"elementor-heading-title elementor-size-default\">Pravila o privatnosti<\/h1>\t\t\t\t<\/div>\n\t\t\t\t<\/div>\n\t\t\t\t\t<\/div>\n\t\t\t\t<\/div>\n\t\t<div class=\"elementor-element elementor-element-7edea6cd e-flex e-con-boxed e-con e-parent\" data-id=\"7edea6cd\" data-element_type=\"container\">\n\t\t\t\t\t<div class=\"e-con-inner\">\n\t\t\t\t<div class=\"elementor-element elementor-element-14e6ee0 elementor-widget elementor-widget-shortcode\" data-id=\"14e6ee0\" data-element_type=\"widget\" data-widget_type=\"shortcode.default\">\n\t\t\t\t<div class=\"elementor-widget-container\">\n\t\t\t\t\t\t\t<div class=\"elementor-shortcode\">\n<!-- Legal document generated by Complianz | GDPR\/CCPA Cookie Consent https:\/\/wordpress.org\/plugins\/complianz-gdpr -->\n<div id=\"cmplz-document\" class=\"cmplz-document privacy-statement cmplz-document-eu\"><p><i>Ova izjava o privatnosti zadnji put je a\u017eurirana svibanj 27, 2025 i odnosi se na gra\u0111ane i osobe sa stalnim prebivali\u0161tem u Europskom gospodarskom prostoru i \u0160vicarskoj.<\/i><br \/><br \/><\/p><p><p>U ovoj izjavi o privatnosti obja\u0161njavamo \u0161to radimo s podacima koje dobivamo o vama putem <a href=\"https:\/\/villabrela.com\/hr\/\">https:\/\/villabrela.com\/hr\/<\/a>. Preporu\u010dujemo da pa\u017eljivo pro\u010ditate ovu izjavu. U na\u0161oj obradi pridr\u017eavamo se zahtjeva zakona o privatnosti. To izme\u0111u ostalog zna\u010di da:<\/p><ul>\n                <li>jasno navodimo svrhe u koje obra\u0111ujemo osobne podatke. To \u010dinimo pomo\u0107u ove izjave o privatnosti;<\/li>\n                <li>nastojimo ograni\u010diti prikupljanje osobnih podataka samo na osobne podatke potrebne za legitimne svrhe;<\/li>\n                <li>najprije tra\u017eimo Va\u0161 izri\u010diti pristanak za obradu Va\u0161ih osobnih podataka u slu\u010dajevima koji zahtijevaju Va\u0161 pristanak;<\/li>\n                <li>poduzimamo odgovaraju\u0107e sigurnosne mjere kako bismo za\u0161titili va\u0161e osobne podatke i tako\u0111er to zahtijevamo od strana koje obra\u0111uju osobne podatke u na\u0161e ime;<\/li>\n                <li>po\u0161tujemo va\u0161e pravo na pristup va\u0161im osobnim podacima ili na ispravak ili brisanje istih, na va\u0161 zahtjev.<\/li>\n            <\/ul><p>Ako imate bilo kakvih pitanja ili \u017eelite znati koje to\u010dno podatke o vama \u010duvamo, kontaktirajte nas.<\/p><\/p><h2>1. Kola\u010di\u0107i<\/h2><p>Na\u0161a web stranica koristi kola\u010di\u0107e. Za vi\u0161e informacija o kola\u010di\u0107ima pogledajte na\u0161a <a href=\"https:\/\/villabrela.com\/hr\/pravila-o-kolacicima-eu\/\">Pravila o kola\u010di\u0107ima<\/a>.&nbsp;<\/p><h2>2. Prakse otkrivanja<\/h2><p><p>Otkrivamo osobne podatke ako smo du\u017eni prema zakonu ili sudskom nalogu, kao odgovor agenciji za provo\u0111enje zakona, u mjeri dopu\u0161tenoj prema drugim odredbama zakona, da damo informacije ili za istragu o predmetu koji se odnosi na javnu sigurnost.<\/p><p>If our website or organisation is taken over, sold, or involved in a merger or acquisition, your details may be disclosed to our advisers and any prospective purchasers and will be passed on to the new owners.<\/p><\/p><h2>3. Sigurnost<\/h2><p>Predani smo sigurnosti osobnih podataka. Poduzimamo odgovaraju\u0107e sigurnosne mjere kako bismo ograni\u010dili zlouporabu i neovla\u0161teni pristup osobnim podacima. Time se osigurava da samo potrebne osobe imaju pristup va\u0161im podacima, da je pristup podacima za\u0161ti\u0107en i da se na\u0161e sigurnosne mjere redovito provjeravaju.<\/p><h2>4. Web stranice tre\u0107ih strana<\/h2><p>Ova izjava o privatnosti ne odnosi se na web stranice tre\u0107ih strana povezane poveznicama na na\u0161oj web stranici. Ne mo\u017eemo jam\u010diti da ove tre\u0107e strane postupaju s va\u0161im osobnim podacima na pouzdan ili siguran na\u010din. Preporu\u010dujemo da prije kori\u0161tenja ovih web stranica pro\u010ditate izjave o privatnosti ovih web stranica.<\/p><h2>5. Izmjene i dopune ove izjave o privatnosti<\/h2><p>Zadr\u017eavamo pravo izmjena i dopuna ove izjave o privatnosti. Preporu\u010da se da redovito pregledavate ovu izjavu o privatnosti kako biste bili upoznati sa svim promjenama. Osim toga, aktivno \u0107emo vas informirati gdje god je to mogu\u0107e.<\/p><h2>6. Pristup i izmjena va\u0161ih podataka<\/h2><p>Ako imate pitanja ili \u017eelite znati koje osobne podatke imamo o vama, obratite nam se. Mo\u017eete nas kontaktirati pomo\u0107u podataka ispod. Imate sljede\u0107a prava:<\/p><ul>\n                <li>Imate pravo znati za\u0161to su va\u0161i osobni podaci potrebni, \u0161to \u0107e se s njima dogoditi i koliko \u0107e dugo biti zadr\u017eani.<\/li>\n                <li>Pravo pristupa: Imate pravo pristupa svojim osobnim podacima koji su nam poznati.<\/li>\n                <li>Pravo na ispravak: imate pravo dopuniti, ispraviti, izbrisati ili blokirati svoje osobne podatke kad god to \u017eelite.<\/li>\n                <li>Ako nam date privolu za obradu Va\u0161ih podataka, imate pravo opozvati tu privolu i tra\u017eiti brisanje Va\u0161ih osobnih podataka.<\/li>\n                <li>Pravo na prijenos va\u0161ih podataka: imate pravo zatra\u017eiti sve svoje osobne podatke od voditelja obrade i u cijelosti ih prenijeti drugom voditelju obrade.<\/li>\n                <li>Pravo na prigovor: mo\u017eete se usprotiviti obradi va\u0161ih podataka. Pridr\u017eavamo se toga, osim ako ne postoje opravdani razlozi za obradu.<\/li>\n            <\/ul><p>Uvijek jasno navedite tko ste, kako bismo bili sigurni da ne\u0107emo mijenjati ili brisati podatke pogre\u0161ne osobe.<\/p><h2>7. Podno\u0161enje prigovora<\/h2><p>Ukoliko niste zadovoljni na\u010dinom na koji postupamo (prigovor na) obradu Va\u0161ih osobnih podataka, imate pravo podnijeti prigovor Tijelu za za\u0161titu podataka.<\/p><h2>8. Kontakt podaci<\/h2><p>Miljenka Demel<br \/>\n        Ru\u017ei\u010dnjak 7, 10000 Zagreb<br \/>\n        Hrvatska<br \/>\n        Web-stranica: <a href=\"https:\/\/villabrela.com\/hr\/\">https:\/\/villabrela.com\/hr\/<\/a> <br \/>\n        E-po\u0161ta: <span class=\"cmplz-obfuscate\">m&#105;&#108;&#106;&#101;n&#107;a&#046;&#100;&#101;&#109;&#101;&#108;@<span class=\"cmplz-fmail-domain\">&#101;&#120;.c&#111;&#109;<\/span>g&#109;&#097;&#105;l.&#099;&#111;&#109;<\/span> <br \/>\n        Broj telefona: +385992022104<\/p><h2>9. Zahtjevi za podatke<\/h2><p>Za naj\u010de\u0161\u0107e podnesene zahtjeve nudimo vam i mogu\u0107nost kori\u0161tenja na\u0161eg obrasca zahtjeva za podatke<br \/>\t\t\t<div class=\"cmplz-datarequest cmplz-alert\">\n\t\t\t\t<span class=\"cmplz-close\">&times;<\/span>\n\t\t\t\t<span id=\"cmplz-message\"><\/span>\n\t\t\t<\/div>\n\t\t\t<form id=\"cmplz-datarequest-form\">\n\t\t\t\t<input type=\"hidden\" required value=\"eu\" name=\"cmplz_datarequest_region\" id=\"cmplz_datarequest_region\">\n\n\t\t\t\t<label for=\"cmplz_datarequest_firstname\" class=\"cmplz-first-name\">Naziv\t\t\t\t\t<input type=\"search\" class=\"datarequest-firstname\" value=\"\" placeholder=\"your first name\" id=\"cmplz_datarequest_firstname\" name=\"cmplz_datarequest_firstname\">\n\t\t\t\t<\/label>\n\t\t\t\t<div>\n\t\t\t\t\t<label for=\"cmplz_datarequest_name\">Naziv<\/label>\n\t\t\t\t\t<input type=\"text\" required value=\"\" placeholder=\"Va\u0161e ime\" id=\"cmplz_datarequest_name\" name=\"cmplz_datarequest_name\">\n\t\t\t\t<\/div>\n\t\t\t\t<div>\n\t\t\t\t\t<label for=\"cmplz_datarequest_email\">E-po\u0161ta<\/label>\n\t\t\t\t\t<input type=\"email\" required value=\"\" placeholder=\"email@email.com\" id=\"cmplz_datarequest_email\" name=\"cmplz_datarequest_email\">\n\t\t\t\t<\/div>\n\t\t\t\t\t\t\t\t\t\t<div class=\"cmplz_datarequest cmplz_datarequest_request_for_access\">\n\t\t\t\t\t\t\t<label for=\"cmplz_datarequest_request_for_access\">\n\t\t\t\t\t\t\t\t<input type=\"checkbox\" value=\"1\" name=\"cmplz_datarequest_request_for_access\" id=\"cmplz_datarequest_request_for_access\" \/>\n\t\t\t\t\t\t\t\tPodnesite zahtjev za pristup podacima koje obra\u0111ujemo o vama.\t\t\t\t\t\t\t<\/label>\n\t\t\t\t\t\t<\/div>\n\t\t\t\t\t\t\t\t\t\t<div class=\"cmplz_datarequest cmplz_datarequest_right_to_be_forgotten\">\n\t\t\t\t\t\t\t<label for=\"cmplz_datarequest_right_to_be_forgotten\">\n\t\t\t\t\t\t\t\t<input type=\"checkbox\" value=\"1\" name=\"cmplz_datarequest_right_to_be_forgotten\" id=\"cmplz_datarequest_right_to_be_forgotten\" \/>\n\t\t\t\t\t\t\t\tPodnesite zahtjev za brisanje podataka ako vi\u0161e nisu relevantni.\t\t\t\t\t\t\t<\/label>\n\t\t\t\t\t\t<\/div>\n\t\t\t\t\t\t\t\t\t\t<div class=\"cmplz_datarequest cmplz_datarequest_right_to_data_portability\">\n\t\t\t\t\t\t\t<label for=\"cmplz_datarequest_right_to_data_portability\">\n\t\t\t\t\t\t\t\t<input type=\"checkbox\" value=\"1\" name=\"cmplz_datarequest_right_to_data_portability\" id=\"cmplz_datarequest_right_to_data_portability\" \/>\n\t\t\t\t\t\t\t\tPodnesite zahtjev za primanje izvozne datoteke podataka koje obra\u0111ujemo o vama.\t\t\t\t\t\t\t<\/label>\n\t\t\t\t\t\t<\/div>\n\t\t\t\t\t\t\t\t<input type=\"button\" id=\"cmplz-datarequest-submit\" value=\"Po\u0161alji\">\n\t\t\t<\/form>\n\n\t\t\t<style>\n\t\t\t\t\/* first-name is honeypot *\/\n\t\t\t\t.cmplz-first-name {\n\t\t\t\t\tposition: absolute !important;\n\t\t\t\t\tleft: -5000px !important;\n\t\t\t\t}\n\t\t\t<\/style>\n\t\t\t<\/p><\/div><\/div>\n\t\t\t\t\t\t<\/div>\n\t\t\t\t<\/div>\n\t\t\t\t\t<\/div>\n\t\t\t\t<\/div>\n\t\t\t\t<\/div>\n\t\t","protected":false},"excerpt":{"rendered":"<p>Pravila o privatnosti<\/p>\n","protected":false},"author":1,"featured_media":0,"parent":0,"menu_order":0,"comment_status":"closed","ping_status":"closed","template":"","meta":{"_acf_changed":false,"footnotes":""},"class_list":["post-1648","page","type-page","status-publish","hentry"],"acf":[],"yoast_head":"<!-- This site is optimized with the Yoast SEO plugin v25.3.1 - https:\/\/yoast.com\/wordpress\/plugins\/seo\/ -->\n<title>Izjava o privatnosti (EU) - Ville Brela<\/title>\n<meta name=\"robots\" content=\"index, follow, max-snippet:-1, max-image-preview:large, max-video-preview:-1\" \/>\n<link rel=\"canonical\" href=\"https:\/\/villabrela.com\/hr\/izjava-o-privatnosti-eu\/\" \/>\n<meta property=\"og:locale\" content=\"hr_HR\" \/>\n<meta property=\"og:type\" content=\"article\" \/>\n<meta property=\"og:title\" content=\"Izjava o privatnosti (EU) - Ville Brela\" \/>\n<meta property=\"og:description\" content=\"Pravila o privatnosti\" \/>\n<meta property=\"og:url\" content=\"https:\/\/villabrela.com\/hr\/izjava-o-privatnosti-eu\/\" \/>\n<meta property=\"og:site_name\" content=\"Ville Brela\" \/>\n<meta property=\"article:modified_time\" content=\"2025-05-27T18:22:53+00:00\" \/>\n<meta property=\"og:image\" content=\"https:\/\/villabrela.com\/wp-content\/uploads\/2025\/05\/ville-brela-social.jpg\" \/>\n\t<meta property=\"og:image:width\" content=\"1200\" \/>\n\t<meta property=\"og:image:height\" content=\"675\" \/>\n\t<meta property=\"og:image:type\" content=\"image\/jpeg\" \/>\n<meta name=\"twitter:card\" content=\"summary_large_image\" \/>\n<script type=\"application\/ld+json\" class=\"yoast-schema-graph\">{\"@context\":\"https:\/\/schema.org\",\"@graph\":[{\"@type\":\"WebPage\",\"@id\":\"https:\/\/villabrela.com\/hr\/izjava-o-privatnosti-eu\/\",\"url\":\"https:\/\/villabrela.com\/hr\/izjava-o-privatnosti-eu\/\",\"name\":\"Izjava o privatnosti (EU) - Ville Brela\",\"isPartOf\":{\"@id\":\"https:\/\/villabrela.com\/hr\/#website\"},\"datePublished\":\"2025-05-27T15:09:46+00:00\",\"dateModified\":\"2025-05-27T18:22:53+00:00\",\"breadcrumb\":{\"@id\":\"https:\/\/villabrela.com\/hr\/izjava-o-privatnosti-eu\/#breadcrumb\"},\"inLanguage\":\"hr\",\"potentialAction\":[{\"@type\":\"ReadAction\",\"target\":[\"https:\/\/villabrela.com\/hr\/izjava-o-privatnosti-eu\/\"]}]},{\"@type\":\"BreadcrumbList\",\"@id\":\"https:\/\/villabrela.com\/hr\/izjava-o-privatnosti-eu\/#breadcrumb\",\"itemListElement\":[{\"@type\":\"ListItem\",\"position\":1,\"name\":\"Home\",\"item\":\"https:\/\/villabrela.com\/hr\/naslovna\/\"},{\"@type\":\"ListItem\",\"position\":2,\"name\":\"Izjava o privatnosti (EU)\"}]},{\"@type\":\"WebSite\",\"@id\":\"https:\/\/villabrela.com\/hr\/#website\",\"url\":\"https:\/\/villabrela.com\/hr\/\",\"name\":\"Ville Brela\",\"description\":\"Unforgettable stay in Croatia\",\"publisher\":{\"@id\":\"https:\/\/villabrela.com\/hr\/#organization\"},\"potentialAction\":[{\"@type\":\"SearchAction\",\"target\":{\"@type\":\"EntryPoint\",\"urlTemplate\":\"https:\/\/villabrela.com\/hr\/?s={search_term_string}\"},\"query-input\":{\"@type\":\"PropertyValueSpecification\",\"valueRequired\":true,\"valueName\":\"search_term_string\"}}],\"inLanguage\":\"hr\"},{\"@type\":\"Organization\",\"@id\":\"https:\/\/villabrela.com\/hr\/#organization\",\"name\":\"Ville Brela\",\"url\":\"https:\/\/villabrela.com\/hr\/\",\"logo\":{\"@type\":\"ImageObject\",\"inLanguage\":\"hr\",\"@id\":\"https:\/\/villabrela.com\/hr\/#\/schema\/logo\/image\/\",\"url\":\"https:\/\/villabrela.com\/wp-content\/uploads\/2025\/04\/logo-VILLE-BRELA.svg\",\"contentUrl\":\"https:\/\/villabrela.com\/wp-content\/uploads\/2025\/04\/logo-VILLE-BRELA.svg\",\"width\":312,\"height\":23,\"caption\":\"Ville Brela\"},\"image\":{\"@id\":\"https:\/\/villabrela.com\/hr\/#\/schema\/logo\/image\/\"}}]}<\/script>\n<!-- \/ Yoast SEO plugin. -->","yoast_head_json":{"title":"Izjava o privatnosti (EU) - Ville Brela","robots":{"index":"index","follow":"follow","max-snippet":"max-snippet:-1","max-image-preview":"max-image-preview:large","max-video-preview":"max-video-preview:-1"},"canonical":"https:\/\/villabrela.com\/hr\/izjava-o-privatnosti-eu\/","og_locale":"hr_HR","og_type":"article","og_title":"Izjava o privatnosti (EU) - Ville Brela","og_description":"Pravila o privatnosti","og_url":"https:\/\/villabrela.com\/hr\/izjava-o-privatnosti-eu\/","og_site_name":"Ville Brela","article_modified_time":"2025-05-27T18:22:53+00:00","og_image":[{"width":1200,"height":675,"url":"https:\/\/villabrela.com\/wp-content\/uploads\/2025\/05\/ville-brela-social.jpg","type":"image\/jpeg"}],"twitter_card":"summary_large_image","schema":{"@context":"https:\/\/schema.org","@graph":[{"@type":"WebPage","@id":"https:\/\/villabrela.com\/hr\/izjava-o-privatnosti-eu\/","url":"https:\/\/villabrela.com\/hr\/izjava-o-privatnosti-eu\/","name":"Izjava o privatnosti (EU) - Ville Brela","isPartOf":{"@id":"https:\/\/villabrela.com\/hr\/#website"},"datePublished":"2025-05-27T15:09:46+00:00","dateModified":"2025-05-27T18:22:53+00:00","breadcrumb":{"@id":"https:\/\/villabrela.com\/hr\/izjava-o-privatnosti-eu\/#breadcrumb"},"inLanguage":"hr","potentialAction":[{"@type":"ReadAction","target":["https:\/\/villabrela.com\/hr\/izjava-o-privatnosti-eu\/"]}]},{"@type":"BreadcrumbList","@id":"https:\/\/villabrela.com\/hr\/izjava-o-privatnosti-eu\/#breadcrumb","itemListElement":[{"@type":"ListItem","position":1,"name":"Home","item":"https:\/\/villabrela.com\/hr\/naslovna\/"},{"@type":"ListItem","position":2,"name":"Izjava o privatnosti (EU)"}]},{"@type":"WebSite","@id":"https:\/\/villabrela.com\/hr\/#website","url":"https:\/\/villabrela.com\/hr\/","name":"Ville Brela","description":"Unforgettable stay in Croatia","publisher":{"@id":"https:\/\/villabrela.com\/hr\/#organization"},"potentialAction":[{"@type":"SearchAction","target":{"@type":"EntryPoint","urlTemplate":"https:\/\/villabrela.com\/hr\/?s={search_term_string}"},"query-input":{"@type":"PropertyValueSpecification","valueRequired":true,"valueName":"search_term_string"}}],"inLanguage":"hr"},{"@type":"Organization","@id":"https:\/\/villabrela.com\/hr\/#organization","name":"Ville Brela","url":"https:\/\/villabrela.com\/hr\/","logo":{"@type":"ImageObject","inLanguage":"hr","@id":"https:\/\/villabrela.com\/hr\/#\/schema\/logo\/image\/","url":"https:\/\/villabrela.com\/wp-content\/uploads\/2025\/04\/logo-VILLE-BRELA.svg","contentUrl":"https:\/\/villabrela.com\/wp-content\/uploads\/2025\/04\/logo-VILLE-BRELA.svg","width":312,"height":23,"caption":"Ville Brela"},"image":{"@id":"https:\/\/villabrela.com\/hr\/#\/schema\/logo\/image\/"}}]}},"_links":{"self":[{"href":"https:\/\/villabrela.com\/hr\/wp-json\/wp\/v2\/pages\/1648","targetHints":{"allow":["GET"]}}],"collection":[{"href":"https:\/\/villabrela.com\/hr\/wp-json\/wp\/v2\/pages"}],"about":[{"href":"https:\/\/villabrela.com\/hr\/wp-json\/wp\/v2\/types\/page"}],"author":[{"embeddable":true,"href":"https:\/\/villabrela.com\/hr\/wp-json\/wp\/v2\/users\/1"}],"replies":[{"embeddable":true,"href":"https:\/\/villabrela.com\/hr\/wp-json\/wp\/v2\/comments?post=1648"}],"version-history":[{"count":0,"href":"https:\/\/villabrela.com\/hr\/wp-json\/wp\/v2\/pages\/1648\/revisions"}],"wp:attachment":[{"href":"https:\/\/villabrela.com\/hr\/wp-json\/wp\/v2\/media?parent=1648"}],"curies":[{"name":"wp","href":"https:\/\/api.w.org\/{rel}","templated":true}]}}