{"id":1190,"date":"2025-05-01T11:08:17","date_gmt":"2025-05-01T09:08:17","guid":{"rendered":"https:\/\/villabrela.com\/vila-ivka\/vila-ivka-kontaktirajte-nas\/"},"modified":"2025-05-05T11:48:03","modified_gmt":"2025-05-05T09:48:03","slug":"vila-ivka-kontaktirajte-nas","status":"publish","type":"page","link":"https:\/\/villabrela.com\/hr\/vila-ivka\/vila-ivka-kontaktirajte-nas\/","title":{"rendered":"Vila Ivka, kontaktirajte nas"},"content":{"rendered":"\t\t<div data-elementor-type=\"wp-page\" data-elementor-id=\"1190\" class=\"elementor elementor-1190 elementor-878\" data-elementor-post-type=\"page\">\n\t\t\t\t<div class=\"elementor-element elementor-element-48000c2 e-con-full e-flex e-con e-parent\" data-id=\"48000c2\" data-element_type=\"container\">\n\t\t\t\t<div class=\"elementor-element elementor-element-3e7fd37 elementor-widget elementor-widget-template\" data-id=\"3e7fd37\" data-element_type=\"widget\" data-widget_type=\"template.default\">\n\t\t\t\t<div class=\"elementor-widget-container\">\n\t\t\t\t\t\t\t<div class=\"elementor-template\">\n\t\t\t\t\t<div data-elementor-type=\"container\" data-elementor-id=\"1280\" class=\"elementor elementor-1280 elementor-869\" data-elementor-post-type=\"elementor_library\">\n\t\t\t\t<div class=\"elementor-element elementor-element-563fa89 e-flex e-con-boxed e-con e-child\" data-id=\"563fa89\" data-element_type=\"container\" data-settings=\"{&quot;background_background&quot;:&quot;classic&quot;}\">\n\t\t\t\t\t<div class=\"e-con-inner\">\n\t\t\t\t<div class=\"elementor-element elementor-element-66d746a animated-fast elementor-invisible elementor-widget elementor-widget-heading\" data-id=\"66d746a\" data-element_type=\"widget\" data-settings=\"{&quot;_animation&quot;:&quot;fadeInUp&quot;}\" data-widget_type=\"heading.default\">\n\t\t\t\t<div class=\"elementor-widget-container\">\n\t\t\t\t\t<h1 class=\"elementor-heading-title elementor-size-default\">Kontaktirajte nas<\/h1>\t\t\t\t<\/div>\n\t\t\t\t<\/div>\n\t\t\t\t\t<\/div>\n\t\t\t\t<\/div>\n\t\t<div class=\"elementor-element elementor-element-49be679 e-flex e-con-boxed e-con e-parent\" data-id=\"49be679\" data-element_type=\"container\">\n\t\t\t\t\t<div class=\"e-con-inner\">\n\t\t<div class=\"elementor-element elementor-element-b2b9a83 e-con-full e-flex e-con e-child\" data-id=\"b2b9a83\" data-element_type=\"container\">\n\t\t<div class=\"elementor-element elementor-element-0c72bfe e-con-full e-flex e-con e-child\" data-id=\"0c72bfe\" data-element_type=\"container\">\n\t\t\t\t<div class=\"elementor-element elementor-element-422ddbf animated-fast elementor-invisible elementor-widget elementor-widget-heading\" data-id=\"422ddbf\" data-element_type=\"widget\" data-settings=\"{&quot;_animation&quot;:&quot;fadeInUp&quot;}\" data-widget_type=\"heading.default\">\n\t\t\t\t<div class=\"elementor-widget-container\">\n\t\t\t\t\t<div class=\"elementor-heading-title elementor-size-default\">AKO IMATE BILO KAKVA PITANJA<\/div>\t\t\t\t<\/div>\n\t\t\t\t<\/div>\n\t\t\t\t<div class=\"elementor-element elementor-element-33022cf animated-fast elementor-invisible elementor-widget elementor-widget-heading\" data-id=\"33022cf\" data-element_type=\"widget\" data-settings=\"{&quot;_animation&quot;:&quot;fadeInUp&quot;,&quot;_animation_delay&quot;:300}\" data-widget_type=\"heading.default\">\n\t\t\t\t<div class=\"elementor-widget-container\">\n\t\t\t\t\t<h2 class=\"elementor-heading-title elementor-size-default\">Slobodno nas kontaktirajte<\/h2>\t\t\t\t<\/div>\n\t\t\t\t<\/div>\n\t\t\t\t<div class=\"elementor-element elementor-element-323c908 animated-fast elementor-invisible elementor-widget elementor-widget-text-editor\" data-id=\"323c908\" data-element_type=\"widget\" data-settings=\"{&quot;_animation&quot;:&quot;fadeInUp&quot;,&quot;_animation_delay&quot;:600}\" data-widget_type=\"text-editor.default\">\n\t\t\t\t<div class=\"elementor-widget-container\">\n\t\t\t\t\t\t\t\t\t<p class=\"\" data-start=\"207\" data-end=\"362\">Radujemo se va\u0161em upitu!<\/p><p class=\"\" data-start=\"207\" data-end=\"362\">Bilo da planirate <strong>opu\u0161taju\u0107i odmor<\/strong> ili samo imate nekoliko pitanja, slobodno nas kontaktirajte.<\/p><p class=\"\" data-start=\"369\" data-end=\"522\">Odgovorit \u0107emo vam u najkra\u0107em mogu\u0107em roku sa svim potrebnim informacijama, a ako imate posebne zahtjeve, u\u010dinit \u0107emo sve \u0161to mo\u017eemo kako bismo va\u0161 boravak u\u010dinili nezaboravnim.<\/p>\t\t\t\t\t\t\t\t<\/div>\n\t\t\t\t<\/div>\n\t\t\t\t<\/div>\n\t\t<div class=\"elementor-element elementor-element-f13ca5e e-con-full e-flex e-con e-child\" data-id=\"f13ca5e\" data-element_type=\"container\">\n\t\t<div class=\"elementor-element elementor-element-b04570e e-con-full e-flex e-con e-child\" data-id=\"b04570e\" data-element_type=\"container\" data-settings=\"{&quot;background_background&quot;:&quot;classic&quot;}\">\n\t\t\t\t<div class=\"elementor-element elementor-element-d15c432 elementor-widget elementor-widget-shortcode\" data-id=\"d15c432\" data-element_type=\"widget\" data-widget_type=\"shortcode.default\">\n\t\t\t\t<div class=\"elementor-widget-container\">\n\t\t\t\t\t\t\t<div class=\"elementor-shortcode\">\n<div class=\"wpcf7 no-js\" id=\"wpcf7-f1284-o1\" lang=\"hr\" dir=\"ltr\" data-wpcf7-id=\"1284\">\n<div class=\"screen-reader-response\"><p role=\"status\" aria-live=\"polite\" aria-atomic=\"true\"><\/p> <ul><\/ul><\/div>\n<form action=\"\/hr\/wp-json\/wp\/v2\/pages\/1190#wpcf7-f1284-o1\" method=\"post\" class=\"wpcf7-form init\" aria-label=\"Kontakt obrazac\" novalidate=\"novalidate\" data-status=\"init\">\n<div style=\"display: none;\">\n<input type=\"hidden\" name=\"_wpcf7\" value=\"1284\" \/>\n<input type=\"hidden\" name=\"_wpcf7_version\" value=\"6.0.6\" \/>\n<input type=\"hidden\" name=\"_wpcf7_locale\" value=\"hr\" \/>\n<input type=\"hidden\" name=\"_wpcf7_unit_tag\" value=\"wpcf7-f1284-o1\" \/>\n<input type=\"hidden\" name=\"_wpcf7_container_post\" value=\"0\" \/>\n<input type=\"hidden\" name=\"_wpcf7_posted_data_hash\" value=\"\" \/>\n<\/div>\n<p><label>Ime i prezime<\/label><br \/>\n<span class=\"wpcf7-form-control-wrap\" data-name=\"your-name\"><input size=\"40\" maxlength=\"400\" class=\"wpcf7-form-control wpcf7-text wpcf7-validates-as-required\" autocomplete=\"name\" aria-required=\"true\" aria-invalid=\"false\" value=\"\" type=\"text\" name=\"your-name\" \/><\/span>\n<\/p>\n<p><label>E-mail adresa<\/label><br \/>\n<span class=\"wpcf7-form-control-wrap\" data-name=\"your-email\"><input size=\"40\" maxlength=\"400\" class=\"wpcf7-form-control wpcf7-email wpcf7-validates-as-required wpcf7-text wpcf7-validates-as-email\" autocomplete=\"email\" aria-required=\"true\" aria-invalid=\"false\" value=\"\" type=\"email\" name=\"your-email\" \/><\/span>\n<\/p>\n<p><label>Telefon<\/label><br \/>\n<span class=\"wpcf7-form-control-wrap\" data-name=\"your-phone\"><input size=\"40\" maxlength=\"400\" class=\"wpcf7-form-control wpcf7-tel wpcf7-text wpcf7-validates-as-tel\" aria-invalid=\"false\" placeholder=\"+385 9- --- ----\" value=\"\" type=\"tel\" name=\"your-phone\" \/><\/span>\n<\/p>\n<p><label>Naslov<\/label><br \/>\n<span class=\"wpcf7-form-control-wrap\" data-name=\"your-subject\"><input size=\"40\" maxlength=\"400\" class=\"wpcf7-form-control wpcf7-text wpcf7-validates-as-required\" aria-required=\"true\" aria-invalid=\"false\" value=\"\" type=\"text\" name=\"your-subject\" \/><\/span>\n<\/p>\n<p><label>Va\u0161a poruka<\/label><br \/>\n<span class=\"wpcf7-form-control-wrap\" data-name=\"your-message\"><textarea cols=\"40\" rows=\"10\" maxlength=\"2000\" class=\"wpcf7-form-control wpcf7-textarea wpcf7-validates-as-required\" aria-required=\"true\" aria-invalid=\"false\" name=\"your-message\"><\/textarea><\/span>\n<\/p>\n<p><span class=\"wpcf7-form-control-wrap\" data-name=\"acceptance-776\"><span class=\"wpcf7-form-control wpcf7-acceptance\"><span class=\"wpcf7-list-item\"><label><input type=\"checkbox\" name=\"acceptance-776\" value=\"1\" aria-invalid=\"false\" \/><span class=\"wpcf7-list-item-label\">Sla\u017eem se da moji osobni podaci budu kori\u0161teni u svrhu odgovora na moj upit, u skladu s <a href=\"https:\/\/villabrela.com\/hr\/izjava-o-privatnosti-eu\/\" target=\"_blank\">politikom privatnosti<\/a> i Uredbom (EU) 2016\/679 (GDPR).<\/span><\/label><\/span><\/span><\/span>\n<\/p>\n<p><input class=\"wpcf7-form-control wpcf7-submit has-spinner\" type=\"submit\" value=\"PO\u0160ALJITE\" \/>\n<\/p><div class=\"wpcf7-response-output\" aria-hidden=\"true\"><\/div>\n<\/form>\n<\/div>\n<\/div>\n\t\t\t\t\t\t<\/div>\n\t\t\t\t<\/div>\n\t\t\t\t<\/div>\n\t\t\t\t<div class=\"elementor-element elementor-element-6b96861 animated-fast elementor-invisible elementor-widget elementor-widget-text-editor\" data-id=\"6b96861\" data-element_type=\"widget\" data-settings=\"{&quot;_animation&quot;:&quot;fadeInUp&quot;,&quot;_animation_delay&quot;:300}\" data-widget_type=\"text-editor.default\">\n\t\t\t\t<div class=\"elementor-widget-container\">\n\t\t\t\t\t\t\t\t\t<p>Ili nas kontaktirajte izravno putem na\u0161e e-mail adrese: <a href=\"mailto:galeot@galeot.hr\">galeot@galeot.hr<\/a><\/p>\t\t\t\t\t\t\t\t<\/div>\n\t\t\t\t<\/div>\n\t\t\t\t<\/div>\n\t\t\t\t<\/div>\n\t\t<div class=\"elementor-element elementor-element-4fcae9e e-con-full e-flex e-con e-child\" data-id=\"4fcae9e\" data-element_type=\"container\">\n\t\t<div class=\"elementor-element elementor-element-6419248 e-con-full e-flex e-con e-child\" data-id=\"6419248\" data-element_type=\"container\">\n\t\t\t\t<div class=\"elementor-element elementor-element-13b3f27 e-transform animated-fast elementor-invisible elementor-widget elementor-widget-image\" data-id=\"13b3f27\" data-element_type=\"widget\" data-settings=\"{&quot;motion_fx_motion_fx_scrolling&quot;:&quot;yes&quot;,&quot;motion_fx_translateY_effect&quot;:&quot;yes&quot;,&quot;motion_fx_translateY_direction&quot;:&quot;negative&quot;,&quot;motion_fx_translateY_speed&quot;:{&quot;unit&quot;:&quot;px&quot;,&quot;size&quot;:1,&quot;sizes&quot;:[]},&quot;_transform_translateY_effect&quot;:{&quot;unit&quot;:&quot;px&quot;,&quot;size&quot;:-462,&quot;sizes&quot;:[]},&quot;_transform_translateY_effect_tablet_extra&quot;:{&quot;unit&quot;:&quot;px&quot;,&quot;size&quot;:-456,&quot;sizes&quot;:[]},&quot;_transform_translateY_effect_mobile_extra&quot;:{&quot;unit&quot;:&quot;px&quot;,&quot;size&quot;:-529,&quot;sizes&quot;:[]},&quot;_transform_translateY_effect_mobile&quot;:{&quot;unit&quot;:&quot;px&quot;,&quot;size&quot;:0,&quot;sizes&quot;:[]},&quot;_transform_translateY_effect_laptop&quot;:{&quot;unit&quot;:&quot;px&quot;,&quot;size&quot;:-571,&quot;sizes&quot;:[]},&quot;_animation&quot;:&quot;fadeInUp&quot;,&quot;_transform_translateY_effect_tablet&quot;:{&quot;unit&quot;:&quot;px&quot;,&quot;size&quot;:-358,&quot;sizes&quot;:[]},&quot;motion_fx_translateY_affectedRange&quot;:{&quot;unit&quot;:&quot;%&quot;,&quot;size&quot;:&quot;&quot;,&quot;sizes&quot;:{&quot;start&quot;:0,&quot;end&quot;:100}},&quot;motion_fx_devices&quot;:[&quot;desktop&quot;,&quot;laptop&quot;,&quot;tablet_extra&quot;,&quot;tablet&quot;,&quot;mobile_extra&quot;,&quot;mobile&quot;],&quot;_transform_translateX_effect&quot;:{&quot;unit&quot;:&quot;px&quot;,&quot;size&quot;:&quot;&quot;,&quot;sizes&quot;:[]},&quot;_transform_translateX_effect_laptop&quot;:{&quot;unit&quot;:&quot;px&quot;,&quot;size&quot;:&quot;&quot;,&quot;sizes&quot;:[]},&quot;_transform_translateX_effect_tablet_extra&quot;:{&quot;unit&quot;:&quot;px&quot;,&quot;size&quot;:&quot;&quot;,&quot;sizes&quot;:[]},&quot;_transform_translateX_effect_tablet&quot;:{&quot;unit&quot;:&quot;px&quot;,&quot;size&quot;:&quot;&quot;,&quot;sizes&quot;:[]},&quot;_transform_translateX_effect_mobile_extra&quot;:{&quot;unit&quot;:&quot;px&quot;,&quot;size&quot;:&quot;&quot;,&quot;sizes&quot;:[]},&quot;_transform_translateX_effect_mobile&quot;:{&quot;unit&quot;:&quot;px&quot;,&quot;size&quot;:&quot;&quot;,&quot;sizes&quot;:[]}}\" data-widget_type=\"image.default\">\n\t\t\t\t<div class=\"elementor-widget-container\">\n\t\t\t\t\t\t\t\t\t\t\t\t\t\t\t<img fetchpriority=\"high\" decoding=\"async\" width=\"2500\" height=\"1617\" src=\"https:\/\/villabrela.com\/wp-content\/uploads\/2025\/04\/brela-kamen.jpg\" class=\"attachment-full size-full wp-image-628\" alt=\"\" srcset=\"https:\/\/villabrela.com\/wp-content\/uploads\/2025\/04\/brela-kamen.jpg 2500w, https:\/\/villabrela.com\/wp-content\/uploads\/2025\/04\/brela-kamen-300x194.jpg 300w, https:\/\/villabrela.com\/wp-content\/uploads\/2025\/04\/brela-kamen-1024x662.jpg 1024w, https:\/\/villabrela.com\/wp-content\/uploads\/2025\/04\/brela-kamen-768x497.jpg 768w, https:\/\/villabrela.com\/wp-content\/uploads\/2025\/04\/brela-kamen-1536x993.jpg 1536w, https:\/\/villabrela.com\/wp-content\/uploads\/2025\/04\/brela-kamen-2048x1325.jpg 2048w\" sizes=\"(max-width: 2500px) 100vw, 2500px\" \/>\t\t\t\t\t\t\t\t\t\t\t\t\t\t\t<\/div>\n\t\t\t\t<\/div>\n\t\t\t\t<\/div>\n\t\t<div class=\"elementor-element elementor-element-2e2368b e-con-full e-flex e-con e-child\" data-id=\"2e2368b\" data-element_type=\"container\">\n\t\t\t\t<div class=\"elementor-element elementor-element-09ac066 e-transform animated-fast elementor-invisible elementor-widget elementor-widget-image\" data-id=\"09ac066\" data-element_type=\"widget\" data-settings=\"{&quot;motion_fx_motion_fx_scrolling&quot;:&quot;yes&quot;,&quot;motion_fx_translateY_effect&quot;:&quot;yes&quot;,&quot;motion_fx_translateY_speed&quot;:{&quot;unit&quot;:&quot;px&quot;,&quot;size&quot;:1,&quot;sizes&quot;:[]},&quot;_transform_translateY_effect&quot;:{&quot;unit&quot;:&quot;px&quot;,&quot;size&quot;:-35,&quot;sizes&quot;:[]},&quot;_transform_translateY_effect_tablet_extra&quot;:{&quot;unit&quot;:&quot;px&quot;,&quot;size&quot;:-103,&quot;sizes&quot;:[]},&quot;_transform_translateY_effect_mobile_extra&quot;:{&quot;unit&quot;:&quot;px&quot;,&quot;size&quot;:-90,&quot;sizes&quot;:[]},&quot;_transform_translateY_effect_mobile&quot;:{&quot;unit&quot;:&quot;px&quot;,&quot;size&quot;:0,&quot;sizes&quot;:[]},&quot;_transform_translateY_effect_laptop&quot;:{&quot;unit&quot;:&quot;px&quot;,&quot;size&quot;:-109,&quot;sizes&quot;:[]},&quot;_animation&quot;:&quot;fadeInUp&quot;,&quot;motion_fx_translateY_affectedRange&quot;:{&quot;unit&quot;:&quot;%&quot;,&quot;size&quot;:&quot;&quot;,&quot;sizes&quot;:{&quot;start&quot;:0,&quot;end&quot;:100}},&quot;motion_fx_devices&quot;:[&quot;desktop&quot;,&quot;laptop&quot;,&quot;tablet_extra&quot;,&quot;tablet&quot;,&quot;mobile_extra&quot;,&quot;mobile&quot;],&quot;_transform_translateX_effect&quot;:{&quot;unit&quot;:&quot;px&quot;,&quot;size&quot;:&quot;&quot;,&quot;sizes&quot;:[]},&quot;_transform_translateX_effect_laptop&quot;:{&quot;unit&quot;:&quot;px&quot;,&quot;size&quot;:&quot;&quot;,&quot;sizes&quot;:[]},&quot;_transform_translateX_effect_tablet_extra&quot;:{&quot;unit&quot;:&quot;px&quot;,&quot;size&quot;:&quot;&quot;,&quot;sizes&quot;:[]},&quot;_transform_translateX_effect_tablet&quot;:{&quot;unit&quot;:&quot;px&quot;,&quot;size&quot;:&quot;&quot;,&quot;sizes&quot;:[]},&quot;_transform_translateX_effect_mobile_extra&quot;:{&quot;unit&quot;:&quot;px&quot;,&quot;size&quot;:&quot;&quot;,&quot;sizes&quot;:[]},&quot;_transform_translateX_effect_mobile&quot;:{&quot;unit&quot;:&quot;px&quot;,&quot;size&quot;:&quot;&quot;,&quot;sizes&quot;:[]},&quot;_transform_translateY_effect_tablet&quot;:{&quot;unit&quot;:&quot;px&quot;,&quot;size&quot;:&quot;&quot;,&quot;sizes&quot;:[]}}\" data-widget_type=\"image.default\">\n\t\t\t\t<div class=\"elementor-widget-container\">\n\t\t\t\t\t\t\t\t\t\t\t\t\t\t\t<img decoding=\"async\" width=\"1500\" height=\"1000\" src=\"https:\/\/villabrela.com\/wp-content\/uploads\/2025\/05\/Brela-Depositphotos_155388140_XL.jpg\" class=\"attachment-full size-full wp-image-936\" alt=\"\" srcset=\"https:\/\/villabrela.com\/wp-content\/uploads\/2025\/05\/Brela-Depositphotos_155388140_XL.jpg 1500w, https:\/\/villabrela.com\/wp-content\/uploads\/2025\/05\/Brela-Depositphotos_155388140_XL-300x200.jpg 300w, https:\/\/villabrela.com\/wp-content\/uploads\/2025\/05\/Brela-Depositphotos_155388140_XL-1024x683.jpg 1024w, https:\/\/villabrela.com\/wp-content\/uploads\/2025\/05\/Brela-Depositphotos_155388140_XL-768x512.jpg 768w\" sizes=\"(max-width: 1500px) 100vw, 1500px\" \/>\t\t\t\t\t\t\t\t\t\t\t\t\t\t\t<\/div>\n\t\t\t\t<\/div>\n\t\t\t\t<\/div>\n\t\t\t\t<\/div>\n\t\t\t\t\t<\/div>\n\t\t\t\t<\/div>\n\t\t\t\t<\/div>\n\t\t\t\t<\/div>\n\t\t\t\t\t\t<\/div>\n\t\t\t\t<\/div>\n\t\t\t\t<\/div>\n\t\t\t\t<\/div>\n\t\t","protected":false},"excerpt":{"rendered":"","protected":false},"author":1,"featured_media":0,"parent":1178,"menu_order":0,"comment_status":"closed","ping_status":"closed","template":"","meta":{"_acf_changed":false,"footnotes":""},"class_list":["post-1190","page","type-page","status-publish","hentry"],"acf":[],"yoast_head":"<!-- This site is optimized with the Yoast SEO plugin v25.3.1 - https:\/\/yoast.com\/wordpress\/plugins\/seo\/ -->\n<title>Ville Brela - Kontaktirajte nas<\/title>\n<meta name=\"description\" content=\"Imate pitanja ili \u017eelite rezervirati svoj boravak u Villi Ivka u Brelima? Kontaktirajte nas bilo kada \u2014 rado \u0107emo vam pomo\u0107i isplanirati va\u0161 savr\u0161en odmor.\" \/>\n<meta name=\"robots\" content=\"index, follow, max-snippet:-1, max-image-preview:large, max-video-preview:-1\" \/>\n<link rel=\"canonical\" href=\"https:\/\/villabrela.com\/hr\/vila-ivka\/vila-ivka-kontaktirajte-nas\/\" \/>\n<meta property=\"og:locale\" content=\"hr_HR\" \/>\n<meta property=\"og:type\" content=\"article\" \/>\n<meta property=\"og:title\" content=\"Ville Brela - Kontaktirajte nas\" \/>\n<meta property=\"og:description\" content=\"Imate pitanja ili \u017eelite rezervirati svoj boravak u Villi Ivka u Brelima? Kontaktirajte nas bilo kada \u2014 rado \u0107emo vam pomo\u0107i isplanirati va\u0161 savr\u0161en odmor.\" \/>\n<meta property=\"og:url\" content=\"https:\/\/villabrela.com\/hr\/vila-ivka\/vila-ivka-kontaktirajte-nas\/\" \/>\n<meta property=\"og:site_name\" content=\"Ville Brela\" \/>\n<meta property=\"article:modified_time\" content=\"2025-05-05T09:48:03+00:00\" \/>\n<meta property=\"og:image\" content=\"https:\/\/villabrela.com\/wp-content\/uploads\/2025\/05\/ville-brela-social.jpg\" \/>\n\t<meta property=\"og:image:width\" content=\"1200\" \/>\n\t<meta property=\"og:image:height\" content=\"675\" \/>\n\t<meta property=\"og:image:type\" content=\"image\/jpeg\" \/>\n<meta name=\"twitter:card\" content=\"summary_large_image\" \/>\n<script type=\"application\/ld+json\" class=\"yoast-schema-graph\">{\"@context\":\"https:\/\/schema.org\",\"@graph\":[{\"@type\":\"WebPage\",\"@id\":\"https:\/\/villabrela.com\/hr\/vila-ivka\/vila-ivka-kontaktirajte-nas\/\",\"url\":\"https:\/\/villabrela.com\/hr\/vila-ivka\/vila-ivka-kontaktirajte-nas\/\",\"name\":\"Ville Brela - Kontaktirajte nas\",\"isPartOf\":{\"@id\":\"https:\/\/villabrela.com\/hr\/#website\"},\"datePublished\":\"2025-05-01T09:08:17+00:00\",\"dateModified\":\"2025-05-05T09:48:03+00:00\",\"description\":\"Imate pitanja ili \u017eelite rezervirati svoj boravak u Villi Ivka u Brelima? Kontaktirajte nas bilo kada \u2014 rado \u0107emo vam pomo\u0107i isplanirati va\u0161 savr\u0161en odmor.\",\"breadcrumb\":{\"@id\":\"https:\/\/villabrela.com\/hr\/vila-ivka\/vila-ivka-kontaktirajte-nas\/#breadcrumb\"},\"inLanguage\":\"hr\",\"potentialAction\":[{\"@type\":\"ReadAction\",\"target\":[\"https:\/\/villabrela.com\/hr\/vila-ivka\/vila-ivka-kontaktirajte-nas\/\"]}]},{\"@type\":\"BreadcrumbList\",\"@id\":\"https:\/\/villabrela.com\/hr\/vila-ivka\/vila-ivka-kontaktirajte-nas\/#breadcrumb\",\"itemListElement\":[{\"@type\":\"ListItem\",\"position\":1,\"name\":\"Home\",\"item\":\"https:\/\/villabrela.com\/hr\/naslovna\/\"},{\"@type\":\"ListItem\",\"position\":2,\"name\":\"Vila Ivka\",\"item\":\"https:\/\/villabrela.com\/hr\/vila-ivka\/\"},{\"@type\":\"ListItem\",\"position\":3,\"name\":\"Vila Ivka, kontaktirajte nas\"}]},{\"@type\":\"WebSite\",\"@id\":\"https:\/\/villabrela.com\/hr\/#website\",\"url\":\"https:\/\/villabrela.com\/hr\/\",\"name\":\"Ville Brela\",\"description\":\"Unforgettable stay in Croatia\",\"publisher\":{\"@id\":\"https:\/\/villabrela.com\/hr\/#organization\"},\"potentialAction\":[{\"@type\":\"SearchAction\",\"target\":{\"@type\":\"EntryPoint\",\"urlTemplate\":\"https:\/\/villabrela.com\/hr\/?s={search_term_string}\"},\"query-input\":{\"@type\":\"PropertyValueSpecification\",\"valueRequired\":true,\"valueName\":\"search_term_string\"}}],\"inLanguage\":\"hr\"},{\"@type\":\"Organization\",\"@id\":\"https:\/\/villabrela.com\/hr\/#organization\",\"name\":\"Ville Brela\",\"url\":\"https:\/\/villabrela.com\/hr\/\",\"logo\":{\"@type\":\"ImageObject\",\"inLanguage\":\"hr\",\"@id\":\"https:\/\/villabrela.com\/hr\/#\/schema\/logo\/image\/\",\"url\":\"https:\/\/villabrela.com\/wp-content\/uploads\/2025\/04\/logo-VILLE-BRELA.svg\",\"contentUrl\":\"https:\/\/villabrela.com\/wp-content\/uploads\/2025\/04\/logo-VILLE-BRELA.svg\",\"width\":312,\"height\":23,\"caption\":\"Ville Brela\"},\"image\":{\"@id\":\"https:\/\/villabrela.com\/hr\/#\/schema\/logo\/image\/\"}}]}<\/script>\n<!-- \/ Yoast SEO plugin. -->","yoast_head_json":{"title":"Ville Brela - Kontaktirajte nas","description":"Imate pitanja ili \u017eelite rezervirati svoj boravak u Villi Ivka u Brelima? Kontaktirajte nas bilo kada \u2014 rado \u0107emo vam pomo\u0107i isplanirati va\u0161 savr\u0161en odmor.","robots":{"index":"index","follow":"follow","max-snippet":"max-snippet:-1","max-image-preview":"max-image-preview:large","max-video-preview":"max-video-preview:-1"},"canonical":"https:\/\/villabrela.com\/hr\/vila-ivka\/vila-ivka-kontaktirajte-nas\/","og_locale":"hr_HR","og_type":"article","og_title":"Ville Brela - Kontaktirajte nas","og_description":"Imate pitanja ili \u017eelite rezervirati svoj boravak u Villi Ivka u Brelima? Kontaktirajte nas bilo kada \u2014 rado \u0107emo vam pomo\u0107i isplanirati va\u0161 savr\u0161en odmor.","og_url":"https:\/\/villabrela.com\/hr\/vila-ivka\/vila-ivka-kontaktirajte-nas\/","og_site_name":"Ville Brela","article_modified_time":"2025-05-05T09:48:03+00:00","og_image":[{"width":1200,"height":675,"url":"https:\/\/villabrela.com\/wp-content\/uploads\/2025\/05\/ville-brela-social.jpg","type":"image\/jpeg"}],"twitter_card":"summary_large_image","schema":{"@context":"https:\/\/schema.org","@graph":[{"@type":"WebPage","@id":"https:\/\/villabrela.com\/hr\/vila-ivka\/vila-ivka-kontaktirajte-nas\/","url":"https:\/\/villabrela.com\/hr\/vila-ivka\/vila-ivka-kontaktirajte-nas\/","name":"Ville Brela - Kontaktirajte nas","isPartOf":{"@id":"https:\/\/villabrela.com\/hr\/#website"},"datePublished":"2025-05-01T09:08:17+00:00","dateModified":"2025-05-05T09:48:03+00:00","description":"Imate pitanja ili \u017eelite rezervirati svoj boravak u Villi Ivka u Brelima? Kontaktirajte nas bilo kada \u2014 rado \u0107emo vam pomo\u0107i isplanirati va\u0161 savr\u0161en odmor.","breadcrumb":{"@id":"https:\/\/villabrela.com\/hr\/vila-ivka\/vila-ivka-kontaktirajte-nas\/#breadcrumb"},"inLanguage":"hr","potentialAction":[{"@type":"ReadAction","target":["https:\/\/villabrela.com\/hr\/vila-ivka\/vila-ivka-kontaktirajte-nas\/"]}]},{"@type":"BreadcrumbList","@id":"https:\/\/villabrela.com\/hr\/vila-ivka\/vila-ivka-kontaktirajte-nas\/#breadcrumb","itemListElement":[{"@type":"ListItem","position":1,"name":"Home","item":"https:\/\/villabrela.com\/hr\/naslovna\/"},{"@type":"ListItem","position":2,"name":"Vila Ivka","item":"https:\/\/villabrela.com\/hr\/vila-ivka\/"},{"@type":"ListItem","position":3,"name":"Vila Ivka, kontaktirajte nas"}]},{"@type":"WebSite","@id":"https:\/\/villabrela.com\/hr\/#website","url":"https:\/\/villabrela.com\/hr\/","name":"Ville Brela","description":"Unforgettable stay in Croatia","publisher":{"@id":"https:\/\/villabrela.com\/hr\/#organization"},"potentialAction":[{"@type":"SearchAction","target":{"@type":"EntryPoint","urlTemplate":"https:\/\/villabrela.com\/hr\/?s={search_term_string}"},"query-input":{"@type":"PropertyValueSpecification","valueRequired":true,"valueName":"search_term_string"}}],"inLanguage":"hr"},{"@type":"Organization","@id":"https:\/\/villabrela.com\/hr\/#organization","name":"Ville Brela","url":"https:\/\/villabrela.com\/hr\/","logo":{"@type":"ImageObject","inLanguage":"hr","@id":"https:\/\/villabrela.com\/hr\/#\/schema\/logo\/image\/","url":"https:\/\/villabrela.com\/wp-content\/uploads\/2025\/04\/logo-VILLE-BRELA.svg","contentUrl":"https:\/\/villabrela.com\/wp-content\/uploads\/2025\/04\/logo-VILLE-BRELA.svg","width":312,"height":23,"caption":"Ville Brela"},"image":{"@id":"https:\/\/villabrela.com\/hr\/#\/schema\/logo\/image\/"}}]}},"_links":{"self":[{"href":"https:\/\/villabrela.com\/hr\/wp-json\/wp\/v2\/pages\/1190","targetHints":{"allow":["GET"]}}],"collection":[{"href":"https:\/\/villabrela.com\/hr\/wp-json\/wp\/v2\/pages"}],"about":[{"href":"https:\/\/villabrela.com\/hr\/wp-json\/wp\/v2\/types\/page"}],"author":[{"embeddable":true,"href":"https:\/\/villabrela.com\/hr\/wp-json\/wp\/v2\/users\/1"}],"replies":[{"embeddable":true,"href":"https:\/\/villabrela.com\/hr\/wp-json\/wp\/v2\/comments?post=1190"}],"version-history":[{"count":1,"href":"https:\/\/villabrela.com\/hr\/wp-json\/wp\/v2\/pages\/1190\/revisions"}],"predecessor-version":[{"id":1191,"href":"https:\/\/villabrela.com\/hr\/wp-json\/wp\/v2\/pages\/1190\/revisions\/1191"}],"up":[{"embeddable":true,"href":"https:\/\/villabrela.com\/hr\/wp-json\/wp\/v2\/pages\/1178"}],"wp:attachment":[{"href":"https:\/\/villabrela.com\/hr\/wp-json\/wp\/v2\/media?parent=1190"}],"curies":[{"name":"wp","href":"https:\/\/api.w.org\/{rel}","templated":true}]}}